{"id":1152,"date":"2019-12-22T11:18:13","date_gmt":"2019-12-22T10:18:13","guid":{"rendered":"http:\/\/brunoberthet.com\/?page_id=1152"},"modified":"2023-02-15T17:40:34","modified_gmt":"2023-02-15T16:40:34","slug":"aventures-packraft-bikepacking-pulka-ski-outdoor-bivouac","status":"publish","type":"page","link":"https:\/\/brunoberthet.com\/?page_id=1152","title":{"rendered":"Aventures"},"content":{"rendered":"        <div class=\"rttpg-block-postgrid rttpg-block-wrapper rttpg-block-971d65 tpg-wrapper-align-center tpg-filter-type-dropdown meta-visibility-show section-title-style-style1 img_hover_animation_default title-default title_position_default title_hover_border_enable meta_position_default tpg-is-author-icon-default author-image-visibility-image tpg-category-position-default readmore-btn-default-style grid-hover-overlay-type-always grid-hover-overlay-height-default hover-overlay-height-default tpg-title-border-default filter-nex-prev-btn-visible tpg-cat-style1 act-label-style-inline\">\r\n            <div class=\"rt-container-fluid rt-tpg-container tpg-el-main-wrapper clearfix grid_hover-layout1-main\"\r\n                 id=\"rt-tpg-container-369813878\"\r\n                 data-layout=\"grid_hover-layout1\"\r\n                 data-grid-style=\"tpg-even\" data-sc-id=\"elementor\"\r\n                 data-el-settings=''\r\n                 data-el-query=''\r\n                 data-el-path=''>\r\n\t\t\t\t<div class='tpg-header-wrapper '>\r\n        <div class=\"tpg-widget-heading-wrapper rt-clear heading-style1 \">\r\n            <span class=\"tpg-widget-heading-line line-left\"><\/span>\r\n\r\n\t\t\t<h2 class='tpg-widget-heading'>\r\n\t\t\t\r\n\t\t\t\t                    <span>\r\n                        Materiel                     <\/span>\r\n\t\t\t\t\t\r\n\t\t\t\t\t\t\t<\/h2>            <span class=\"tpg-widget-heading-line line-right\"><\/span>\r\n        <\/div>\r\n\r\n\t\t\r\n\t\t<\/div>\r\n                <div class=\"rt-row rt-content-loader gutenberg-inner grid_hover-layout1 tpg-even grid-behaviour grid_hover_layout_wrapper\">\r\n\t\t\t\t\t\r\n<div class=\"rt-col-md-4 rt-col-sm-6 rt-col-xs-12 default rt-grid-hover-item rt-grid-item\" data-id=\"1789\">\r\n    <div class=\"rt-holder tpg-post-holder\">\r\n        <div class=\"rt-detail rt-el-content-wrapper\">\r\n\t\t\t                <div class=\"rt-img-holder tpg-el-image-wrap has-thumbnail\">\r\n\t\t\t\t\t<a data-id=\"1789\" href=\"https:\/\/brunoberthet.com\/?p=1789\" class=\"tpg-post-link\" target=\"_self\">                        <img decoding=\"async\" loading=\"lazy\" src=\"https:\/\/brunoberthet.com\/wp-content\/uploads\/2023\/02\/DSC_0419-3-300x200.jpg\"\r\n                             class=\"rt-img-responsive\"\r\n                             width=\"300\"\r\n                             height=\"200\"\r\n                             alt=\"Bivouac hivernal..\">\r\n\t\t\t\t\t\t\r\n\t\t\t\t\t\t\t\r\n\t\t<\/a>\r\n\t\t        <div class=\"overlay grid-hover-content\"><\/div>\r\n\t\t                <\/div>\r\n\t\t\t\r\n            <div class=\"grid-hover-content\">\r\n\r\n\t\t\t\t<div class=\"entry-title-wrapper\"><h3 class=\"entry-title\"><a data-id=\"1789\" href=\"https:\/\/brunoberthet.com\/?p=1789\" class=\"tpg-post-link\" target=\"_self\">Bivouac hivernal..<\/a><\/h3><\/div>\r\n\t\t\t\t                    <div class=\"post-meta-tags rt-el-post-meta\">\r\n\t\t\t\t\t\t                    <\/div>\r\n\t\t\t\t\r\n\t                                <div class=\"tpg-excerpt tpg-el-excerpt\">\r\n\t\t\t                                        <div class=\"tpg-excerpt-inner\">\r\n\t\t\t\t\t            Voici une liste du mat\u00e9riel et des \u00e9quipements que j&rsquo;utilise r\u00e9guli\u00e8rement lors de mes  &#8230;                            <\/div>\r\n\t\t\t            \t\t\t                                <\/div>\r\n\t            \r\n\t\t\t\t        <div class=\"post-footer\">\r\n            <div class=\"read-more\">\r\n\t\t\t\t<a data-id=\"1789\" href=\"https:\/\/brunoberthet.com\/?p=1789\" class=\"tpg-post-link\" target=\"_self\">Plus..<\/a>            <\/div>\r\n        <\/div>\r\n\t\t            <\/div>\r\n        <\/div>\r\n    <\/div>\r\n<\/div>\r\n                <\/div>\r\n\r\n\t\t\t\t\r\n            <\/div>\r\n        <\/div>\r\n\t\t\n\n        <div class=\"rttpg-block-postgrid rttpg-block-wrapper rttpg-block-2723b1 tpg-wrapper-align-center tpg-filter-type-dropdown meta-visibility-show section-title-style-style1 img_hover_animation_default title-default title_position_default title_hover_border_enable meta_position_default tpg-is-author-icon-default author-image-visibility-image tpg-category-position-default readmore-btn-default-style grid-hover-overlay-type-always grid-hover-overlay-height-default hover-overlay-height-default tpg-title-border-default filter-nex-prev-btn-visible tpg-cat-style1 act-label-style-inline\">\r\n            <div class=\"rt-container-fluid rt-tpg-container tpg-el-main-wrapper clearfix grid_hover-layout1-main\"\r\n                 id=\"rt-tpg-container-849503811\"\r\n                 data-layout=\"grid_hover-layout1\"\r\n                 data-grid-style=\"tpg-even\" data-sc-id=\"elementor\"\r\n                 data-el-settings=''\r\n                 data-el-query=''\r\n                 data-el-path=''>\r\n\t\t\t\t<div class='tpg-header-wrapper '>\r\n        <div class=\"tpg-widget-heading-wrapper rt-clear heading-style1 \">\r\n            <span class=\"tpg-widget-heading-line line-left\"><\/span>\r\n\r\n\t\t\t<h2 class='tpg-widget-heading'>\r\n\t\t\t\r\n\t\t\t\t                    <span>\r\n                        Aventures                     <\/span>\r\n\t\t\t\t\t\r\n\t\t\t\t\t\t\t<\/h2>            <span class=\"tpg-widget-heading-line line-right\"><\/span>\r\n        <\/div>\r\n\r\n\t\t\r\n\t\t<\/div>\r\n                <div class=\"rt-row rt-content-loader gutenberg-inner grid_hover-layout1 tpg-even grid-behaviour grid_hover_layout_wrapper\">\r\n\t\t\t\t\t\r\n<div class=\"rt-col-md-4 rt-col-sm-6 rt-col-xs-12 default rt-grid-hover-item rt-grid-item\" data-id=\"1718\">\r\n    <div class=\"rt-holder tpg-post-holder\">\r\n        <div class=\"rt-detail rt-el-content-wrapper\">\r\n\t\t\t                <div class=\"rt-img-holder tpg-el-image-wrap has-thumbnail\">\r\n\t\t\t\t\t<a data-id=\"1718\" href=\"https:\/\/brunoberthet.com\/?p=1718\" class=\"tpg-post-link\" target=\"_self\">                        <img decoding=\"async\" loading=\"lazy\" src=\"https:\/\/brunoberthet.com\/wp-content\/uploads\/2020\/02\/DSC0708-200x300.jpg\"\r\n                             class=\"rt-img-responsive\"\r\n                             width=\"200\"\r\n                             height=\"300\"\r\n                             alt=\"Pulka\">\r\n\t\t\t\t\t\t\r\n\t\t\t\t\t\t\t\r\n\t\t<\/a>\r\n\t\t        <div class=\"overlay grid-hover-content\"><\/div>\r\n\t\t                <\/div>\r\n\t\t\t\r\n            <div class=\"grid-hover-content\">\r\n\r\n\t\t\t\t<div class=\"entry-title-wrapper\"><h3 class=\"entry-title\"><a data-id=\"1718\" href=\"https:\/\/brunoberthet.com\/?p=1718\" class=\"tpg-post-link\" target=\"_self\">Pulka<\/a><\/h3><\/div>\r\n\t\t\t\t                    <div class=\"post-meta-tags rt-el-post-meta\">\r\n\t\t\t\t\t\t                    <\/div>\r\n\t\t\t\t\r\n\t                                <div class=\"tpg-excerpt tpg-el-excerpt\">\r\n\t\t\t                                        <div class=\"tpg-excerpt-inner\">\r\n\t\t\t\t\t            Quelques images Ski-nordique Pulka.. &#8230;                            <\/div>\r\n\t\t\t            \t\t\t                                <\/div>\r\n\t            \r\n\t\t\t\t        <div class=\"post-footer\">\r\n            <div class=\"read-more\">\r\n\t\t\t\t<a data-id=\"1718\" href=\"https:\/\/brunoberthet.com\/?p=1718\" class=\"tpg-post-link\" target=\"_self\">Plus..<\/a>            <\/div>\r\n        <\/div>\r\n\t\t            <\/div>\r\n        <\/div>\r\n    <\/div>\r\n<\/div>\r\n\r\n<div class=\"rt-col-md-4 rt-col-sm-6 rt-col-xs-12 default rt-grid-hover-item rt-grid-item\" data-id=\"1512\">\r\n    <div class=\"rt-holder tpg-post-holder\">\r\n        <div class=\"rt-detail rt-el-content-wrapper\">\r\n\t\t\t                <div class=\"rt-img-holder tpg-el-image-wrap has-thumbnail\">\r\n\t\t\t\t\t<a data-id=\"1512\" href=\"https:\/\/brunoberthet.com\/?p=1512\" class=\"tpg-post-link\" target=\"_self\">                        <img decoding=\"async\" loading=\"lazy\" src=\"https:\/\/brunoberthet.com\/wp-content\/uploads\/2023\/02\/DSC1126-1-300x200.jpg\"\r\n                             class=\"rt-img-responsive\"\r\n                             width=\"300\"\r\n                             height=\"200\"\r\n                             alt=\"Bivouacs\">\r\n\t\t\t\t\t\t\r\n\t\t\t\t\t\t\t\r\n\t\t<\/a>\r\n\t\t        <div class=\"overlay grid-hover-content\"><\/div>\r\n\t\t                <\/div>\r\n\t\t\t\r\n            <div class=\"grid-hover-content\">\r\n\r\n\t\t\t\t<div class=\"entry-title-wrapper\"><h3 class=\"entry-title\"><a data-id=\"1512\" href=\"https:\/\/brunoberthet.com\/?p=1512\" class=\"tpg-post-link\" target=\"_self\">Bivouacs<\/a><\/h3><\/div>\r\n\t\t\t\t                    <div class=\"post-meta-tags rt-el-post-meta\">\r\n\t\t\t\t\t\t                    <\/div>\r\n\t\t\t\t\r\n\t                                <div class=\"tpg-excerpt tpg-el-excerpt\">\r\n\t\t\t                                        <div class=\"tpg-excerpt-inner\">\r\n\t\t\t\t\t            images de bivouacs, \u00e9t\u00e9 comme hiver, France, Norv\u00e8ge, suisse, Italie, Islande &hellip; Continue  &#8230;                            <\/div>\r\n\t\t\t            \t\t\t                                <\/div>\r\n\t            \r\n\t\t\t\t        <div class=\"post-footer\">\r\n            <div class=\"read-more\">\r\n\t\t\t\t<a data-id=\"1512\" href=\"https:\/\/brunoberthet.com\/?p=1512\" class=\"tpg-post-link\" target=\"_self\">Plus..<\/a>            <\/div>\r\n        <\/div>\r\n\t\t            <\/div>\r\n        <\/div>\r\n    <\/div>\r\n<\/div>\r\n\r\n<div class=\"rt-col-md-4 rt-col-sm-6 rt-col-xs-12 default rt-grid-hover-item rt-grid-item\" data-id=\"1108\">\r\n    <div class=\"rt-holder tpg-post-holder\">\r\n        <div class=\"rt-detail rt-el-content-wrapper\">\r\n\t\t\t                <div class=\"rt-img-holder tpg-el-image-wrap has-thumbnail\">\r\n\t\t\t\t\t<a data-id=\"1108\" href=\"https:\/\/brunoberthet.com\/?p=1108\" class=\"tpg-post-link\" target=\"_self\">                        <img decoding=\"async\" loading=\"lazy\" src=\"https:\/\/brunoberthet.com\/wp-content\/uploads\/2020\/04\/DSC2424-200x300.jpg\"\r\n                             class=\"rt-img-responsive\"\r\n                             width=\"200\"\r\n                             height=\"300\"\r\n                             alt=\"Packraft\">\r\n\t\t\t\t\t\t\r\n\t\t\t\t\t\t\t\r\n\t\t<\/a>\r\n\t\t        <div class=\"overlay grid-hover-content\"><\/div>\r\n\t\t                <\/div>\r\n\t\t\t\r\n            <div class=\"grid-hover-content\">\r\n\r\n\t\t\t\t<div class=\"entry-title-wrapper\"><h3 class=\"entry-title\"><a data-id=\"1108\" href=\"https:\/\/brunoberthet.com\/?p=1108\" class=\"tpg-post-link\" target=\"_self\">Packraft<\/a><\/h3><\/div>\r\n\t\t\t\t                    <div class=\"post-meta-tags rt-el-post-meta\">\r\n\t\t\t\t\t\t                    <\/div>\r\n\t\t\t\t\r\n\t                                <div class=\"tpg-excerpt tpg-el-excerpt\">\r\n\t\t\t                                        <div class=\"tpg-excerpt-inner\">\r\n\t\t\t\t\t            Le Giffre est une rivi\u00e8re fran\u00e7aise de Haute-Savoie, en r\u00e9gion Auvergne-Rh\u00f4ne-Alpes, et un affluent  &#8230;                            <\/div>\r\n\t\t\t            \t\t\t                                <\/div>\r\n\t            \r\n\t\t\t\t        <div class=\"post-footer\">\r\n            <div class=\"read-more\">\r\n\t\t\t\t<a data-id=\"1108\" href=\"https:\/\/brunoberthet.com\/?p=1108\" class=\"tpg-post-link\" target=\"_self\">Plus..<\/a>            <\/div>\r\n        <\/div>\r\n\t\t            <\/div>\r\n        <\/div>\r\n    <\/div>\r\n<\/div>\r\n                <\/div>\r\n\r\n\t\t\t\t\r\n            <\/div>\r\n        <\/div>\r\n\t\t","protected":false},"excerpt":{"rendered":"","protected":false},"author":1,"featured_media":0,"parent":0,"menu_order":0,"comment_status":"closed","ping_status":"closed","template":"templates\/full-width-page.php","meta":[],"yoast_head":"<!-- This site is optimized with the Yoast SEO plugin v20.1 - https:\/\/yoast.com\/wordpress\/plugins\/seo\/ -->\n<title>Aventures | Bruno Berthet photographies<\/title>\n<meta name=\"description\" content=\"Photographies d&#039;art, images de montagne, animaux, bivouac, outdoor.art photography, animal pictures, outdoor pictures, annecy, alpes France\" \/>\n<meta name=\"robots\" content=\"index, follow, max-snippet:-1, max-image-preview:large, max-video-preview:-1\" \/>\n<link rel=\"canonical\" href=\"https:\/\/brunoberthet.com\/?page_id=1152\" \/>\n<meta property=\"og:locale\" content=\"fr_FR\" \/>\n<meta property=\"og:type\" content=\"article\" \/>\n<meta property=\"og:title\" content=\"Aventures | Bruno Berthet photographies\" \/>\n<meta property=\"og:description\" content=\"Photographies d&#039;art, images de montagne, animaux, bivouac, outdoor.art photography, animal pictures, outdoor pictures, annecy, alpes France\" \/>\n<meta property=\"og:url\" content=\"https:\/\/brunoberthet.com\/?page_id=1152\" \/>\n<meta property=\"og:site_name\" content=\"Bruno Berthet photographies\" \/>\n<meta property=\"article:modified_time\" content=\"2023-02-15T16:40:34+00:00\" \/>\n<meta name=\"twitter:card\" content=\"summary_large_image\" \/>\n<script type=\"application\/ld+json\" class=\"yoast-schema-graph\">{\"@context\":\"https:\/\/schema.org\",\"@graph\":[{\"@type\":\"WebPage\",\"@id\":\"https:\/\/brunoberthet.com\/?page_id=1152\",\"url\":\"https:\/\/brunoberthet.com\/?page_id=1152\",\"name\":\"Aventures | Bruno Berthet photographies\",\"isPartOf\":{\"@id\":\"https:\/\/brunoberthet.com\/#website\"},\"datePublished\":\"2019-12-22T10:18:13+00:00\",\"dateModified\":\"2023-02-15T16:40:34+00:00\",\"description\":\"Photographies d'art, images de montagne, animaux, bivouac, outdoor.art photography, animal pictures, outdoor pictures, annecy, alpes France\",\"breadcrumb\":{\"@id\":\"https:\/\/brunoberthet.com\/?page_id=1152#breadcrumb\"},\"inLanguage\":\"fr-FR\",\"potentialAction\":[{\"@type\":\"ReadAction\",\"target\":[\"https:\/\/brunoberthet.com\/?page_id=1152\"]}]},{\"@type\":\"BreadcrumbList\",\"@id\":\"https:\/\/brunoberthet.com\/?page_id=1152#breadcrumb\",\"itemListElement\":[{\"@type\":\"ListItem\",\"position\":1,\"name\":\"Home\",\"item\":\"https:\/\/brunoberthet.com\/\"},{\"@type\":\"ListItem\",\"position\":2,\"name\":\"Aventures\"}]},{\"@type\":\"WebSite\",\"@id\":\"https:\/\/brunoberthet.com\/#website\",\"url\":\"https:\/\/brunoberthet.com\/\",\"name\":\"Bruno Berthet photographies\",\"description\":\"Annecy Haute-Savoie\",\"publisher\":{\"@id\":\"https:\/\/brunoberthet.com\/#\/schema\/person\/2ebec7f24f84dccded022531890f1692\"},\"potentialAction\":[{\"@type\":\"SearchAction\",\"target\":{\"@type\":\"EntryPoint\",\"urlTemplate\":\"https:\/\/brunoberthet.com\/?s={search_term_string}\"},\"query-input\":\"required name=search_term_string\"}],\"inLanguage\":\"fr-FR\"},{\"@type\":[\"Person\",\"Organization\"],\"@id\":\"https:\/\/brunoberthet.com\/#\/schema\/person\/2ebec7f24f84dccded022531890f1692\",\"name\":\"bruno berthet\",\"image\":{\"@type\":\"ImageObject\",\"inLanguage\":\"fr-FR\",\"@id\":\"https:\/\/brunoberthet.com\/#\/schema\/person\/image\/\",\"url\":\"https:\/\/secure.gravatar.com\/avatar\/7b9a32cc9ef2d79d6406fcef770728a9?s=96&d=mm&r=g\",\"contentUrl\":\"https:\/\/secure.gravatar.com\/avatar\/7b9a32cc9ef2d79d6406fcef770728a9?s=96&d=mm&r=g\",\"caption\":\"bruno berthet\"},\"logo\":{\"@id\":\"https:\/\/brunoberthet.com\/#\/schema\/person\/image\/\"},\"sameAs\":[\"https:\/\/www.instagram.com\/bruno.berthet\/\"]}]}<\/script>\n<!-- \/ Yoast SEO plugin. -->","yoast_head_json":{"title":"Aventures | Bruno Berthet photographies","description":"Photographies d'art, images de montagne, animaux, bivouac, outdoor.art photography, animal pictures, outdoor pictures, annecy, alpes France","robots":{"index":"index","follow":"follow","max-snippet":"max-snippet:-1","max-image-preview":"max-image-preview:large","max-video-preview":"max-video-preview:-1"},"canonical":"https:\/\/brunoberthet.com\/?page_id=1152","og_locale":"fr_FR","og_type":"article","og_title":"Aventures | Bruno Berthet photographies","og_description":"Photographies d'art, images de montagne, animaux, bivouac, outdoor.art photography, animal pictures, outdoor pictures, annecy, alpes France","og_url":"https:\/\/brunoberthet.com\/?page_id=1152","og_site_name":"Bruno Berthet photographies","article_modified_time":"2023-02-15T16:40:34+00:00","twitter_card":"summary_large_image","schema":{"@context":"https:\/\/schema.org","@graph":[{"@type":"WebPage","@id":"https:\/\/brunoberthet.com\/?page_id=1152","url":"https:\/\/brunoberthet.com\/?page_id=1152","name":"Aventures | Bruno Berthet photographies","isPartOf":{"@id":"https:\/\/brunoberthet.com\/#website"},"datePublished":"2019-12-22T10:18:13+00:00","dateModified":"2023-02-15T16:40:34+00:00","description":"Photographies d'art, images de montagne, animaux, bivouac, outdoor.art photography, animal pictures, outdoor pictures, annecy, alpes France","breadcrumb":{"@id":"https:\/\/brunoberthet.com\/?page_id=1152#breadcrumb"},"inLanguage":"fr-FR","potentialAction":[{"@type":"ReadAction","target":["https:\/\/brunoberthet.com\/?page_id=1152"]}]},{"@type":"BreadcrumbList","@id":"https:\/\/brunoberthet.com\/?page_id=1152#breadcrumb","itemListElement":[{"@type":"ListItem","position":1,"name":"Home","item":"https:\/\/brunoberthet.com\/"},{"@type":"ListItem","position":2,"name":"Aventures"}]},{"@type":"WebSite","@id":"https:\/\/brunoberthet.com\/#website","url":"https:\/\/brunoberthet.com\/","name":"Bruno Berthet photographies","description":"Annecy Haute-Savoie","publisher":{"@id":"https:\/\/brunoberthet.com\/#\/schema\/person\/2ebec7f24f84dccded022531890f1692"},"potentialAction":[{"@type":"SearchAction","target":{"@type":"EntryPoint","urlTemplate":"https:\/\/brunoberthet.com\/?s={search_term_string}"},"query-input":"required name=search_term_string"}],"inLanguage":"fr-FR"},{"@type":["Person","Organization"],"@id":"https:\/\/brunoberthet.com\/#\/schema\/person\/2ebec7f24f84dccded022531890f1692","name":"bruno berthet","image":{"@type":"ImageObject","inLanguage":"fr-FR","@id":"https:\/\/brunoberthet.com\/#\/schema\/person\/image\/","url":"https:\/\/secure.gravatar.com\/avatar\/7b9a32cc9ef2d79d6406fcef770728a9?s=96&d=mm&r=g","contentUrl":"https:\/\/secure.gravatar.com\/avatar\/7b9a32cc9ef2d79d6406fcef770728a9?s=96&d=mm&r=g","caption":"bruno berthet"},"logo":{"@id":"https:\/\/brunoberthet.com\/#\/schema\/person\/image\/"},"sameAs":["https:\/\/www.instagram.com\/bruno.berthet\/"]}]}},"rttpg_featured_image_url":null,"rttpg_author":{"display_name":"bruno berthet","author_link":"https:\/\/brunoberthet.com\/?author=1"},"rttpg_comment":0,"rttpg_category":null,"rttpg_excerpt":null,"_links":{"self":[{"href":"https:\/\/brunoberthet.com\/index.php?rest_route=\/wp\/v2\/pages\/1152"}],"collection":[{"href":"https:\/\/brunoberthet.com\/index.php?rest_route=\/wp\/v2\/pages"}],"about":[{"href":"https:\/\/brunoberthet.com\/index.php?rest_route=\/wp\/v2\/types\/page"}],"author":[{"embeddable":true,"href":"https:\/\/brunoberthet.com\/index.php?rest_route=\/wp\/v2\/users\/1"}],"replies":[{"embeddable":true,"href":"https:\/\/brunoberthet.com\/index.php?rest_route=%2Fwp%2Fv2%2Fcomments&post=1152"}],"version-history":[{"count":71,"href":"https:\/\/brunoberthet.com\/index.php?rest_route=\/wp\/v2\/pages\/1152\/revisions"}],"predecessor-version":[{"id":4617,"href":"https:\/\/brunoberthet.com\/index.php?rest_route=\/wp\/v2\/pages\/1152\/revisions\/4617"}],"wp:attachment":[{"href":"https:\/\/brunoberthet.com\/index.php?rest_route=%2Fwp%2Fv2%2Fmedia&parent=1152"}],"curies":[{"name":"wp","href":"https:\/\/api.w.org\/{rel}","templated":true}]}}