{"id":3707,"date":"2020-11-14T18:16:21","date_gmt":"2020-11-14T17:16:21","guid":{"rendered":"https:\/\/brunoberthet.com\/?page_id=3707"},"modified":"2020-11-14T20:27:31","modified_gmt":"2020-11-14T19:27:31","slug":"cgu-confidentialite","status":"publish","type":"page","link":"https:\/\/brunoberthet.com\/?page_id=3707","title":{"rendered":"Mentions Legales"},"content":{"rendered":"\n<p>Editeur du site :&nbsp;Bruno BERTHET<\/p>\n\n\n\n<p>SIRET : 82286033400017<\/p>\n\n\n\n<p>4, All\u00e9e des M\u00e9l\u00e8zes 74600 ANNECY<br>Tel : +33 (0) 6 60 97 81 73<br>Email : bruno.berthet@gmail.com<\/p>\n\n\n\n<p>site web: https:\/\/www.brunoberthet.com<\/p>\n\n\n\n<h2>CONCEPTION ET PRODUCTION<\/h2>\n\n\n\n<p>H\u00e9bergeur  OVH:  2, rue Kellermann 59053 Roubaix<\/p>\n\n\n\n<p>Site web: www.ovh.com<\/p>\n\n\n\n<p>Cette boutique en ligne a \u00e9t\u00e9 cr\u00e9\u00e9e \u00e0 l\u2019aide du CMS WordPress et de l\u2019extension Woocommerce<\/p>\n\n\n\n<p>Le directeur de la publication du site est Mr Bruno BERTHET.<br>Pour me contacter en cas de probl\u00e8me sur le site internet : bruno.berthet@gmail.com<\/p>\n\n\n\n<h2>DONN\u00c9ES PERSONNELLES<\/h2>\n\n\n\n<p>En application de la loi Informatique et Libert\u00e9s du 6 janvier 1978, vous disposez d\u2019un droit d\u2019acc\u00e8s, de modification, de rectification et de suppression des donn\u00e9es vous concernant. Vous pouvez exercer ce droit en nous envoyant un courriel \u00e0 l\u2019adresse suivante : bruno.berthet@gmail.com<\/p>\n\n\n\n<h2>S\u00c9CURIT\u00c9 DES DONN\u00c9ES<\/h2>\n\n\n\n<p>Les informations personnelles que vous confiez \u00e0 Bruno BERTHET sont stock\u00e9es sur les serveurs s\u00e9curis\u00e9s de notre h\u00e9bergeur (hors donn\u00e9es bancaires). L\u2019acc\u00e8s \u00e0 ces informations est prot\u00e9g\u00e9 et limit\u00e9 aux op\u00e9rations d\u2019enregistrement et de traitement de vos commandes, op\u00e9rations de statistiques nous permettant d\u2019am\u00e9liorer nos services et services tels que envois de newsletters, alertes photos, recommandation \u00e0 un ami ou parrainage. Lorsque vous r\u00e9glez une commande sur https:\/\/www.brunoberthet.com, vous saisissez vos coordonn\u00e9es bancaires directement sur le serveur s\u00e9curis\u00e9 du moyens de paiement choisi. Vos donn\u00e9es bancaires sont crypt\u00e9es (technologie SSL, Secure Socket Layer \/ 3D). Elles ne circulent pas en clair sur internet et ne peuvent \u00eatre intercept\u00e9es. Bruno BERTHET n\u2019a pas connaissance de vos coordonn\u00e9es bancaires.<\/p>\n\n\n\n<h2>COOKIES<\/h2>\n\n\n\n<p>Les cookies sont un fichier texte envoy\u00e9 par notre site \u00e0 votre navigateur et stock\u00e9 sur votre ordinateur. Les cookies sont utilis\u00e9s pour vous permettre de retrouver le contenu de votre panier apr\u00e8s votre passage sur notre site.<\/p>\n\n\n\n<p>Le cookie ne prend en compte que vos actions r\u00e9alis\u00e9es sur https:\/\/www.brunoberthet.com. Il ne&nbsp;me permet en aucun cas de conna\u00eetre les autres sites que vous avez visit\u00e9s ou que vous allez visiter.<\/p>\n\n\n\n<p>Vous avez la possibilit\u00e9 de supprimer vos cookies. Toutefois, \u00e0 chaque nouvelle venue sur https:\/\/www.brunoberthet.com un nouveau cookie sera mis en place.<\/p>\n\n\n\n<h3><strong>PROPRI\u00c9T\u00c9 INTELLECTUELLE<\/strong><\/h3>\n\n\n\n<p>Toute utilisation, reproduction, diffusion, commercialisation, modification de toute ou partie du site\u00a0<a href=\"https:\/\/www.brunoberthet.com\/,\" target=\"_blank\" rel=\"noreferrer noopener\">https:\/\/brunoberthet.com<\/a>\u00a0sans autorisation de l\u2019Editeur est prohib\u00e9e et pourra entra\u00een\u00e9e des actions et poursuites judiciaires telles que notamment pr\u00e9vues par le Code de la propri\u00e9t\u00e9 intellectuelle et le Code civil.<\/p>\n\n\n\n<h3>INFORMATIONS SUR LE R\u00c8GLEMENT EN LIGNE DES LITIGES CONFORM\u00c9MENT \u00c0 L\u2019ART. 14 PARAGR. 1 DU RLL (R\u00c8GLEMENT EN LIGNE DES LITIGES) :<\/h3>\n\n\n\n<p>La Commission Europ\u00e9enne permet aux consommateurs de r\u00e9soudre les litiges en ligne sur l\u2019une de ses plateformes, conform\u00e9ment \u00e0 l\u2019art. 14 paragr. 1 du RLL. La plateforme (<a href=\"http:\/\/ec.europa.eu\/consumers\/odr\" target=\"_blank\" rel=\"noreferrer noopener\">https:\/\/webgate.ec.europa.eu\/odr\/main\/index.cfm?event=main.home.show&amp;lng=FR<\/a>) agit comme un site o\u00f9 les consommateurs peuvent essayer des r\u00e9gler hors tribunal des litiges survenus lors d\u2019achats de biens ou services en ligne.<\/p>\n\n\n\n<p><\/p>\n","protected":false},"excerpt":{"rendered":"<p>Editeur du site :&nbsp;Bruno BERTHET SIRET : 82286033400017 4, All\u00e9e des M\u00e9l\u00e8zes 74600 ANNECYTel : +33 (0) 6 60 97 81 73Email : bruno.berthet@gmail.com site web: https:\/\/www.brunoberthet.com CONCEPTION ET PRODUCTIONContinue readingMentions Legales<\/p>\n","protected":false},"author":1,"featured_media":0,"parent":0,"menu_order":0,"comment_status":"closed","ping_status":"closed","template":"","meta":[],"yoast_head":"<!-- This site is optimized with the Yoast SEO plugin v20.1 - https:\/\/yoast.com\/wordpress\/plugins\/seo\/ -->\n<title>Mentions Legales | Bruno Berthet photographies<\/title>\n<meta name=\"robots\" content=\"index, follow, max-snippet:-1, max-image-preview:large, max-video-preview:-1\" \/>\n<link rel=\"canonical\" href=\"https:\/\/brunoberthet.com\/?page_id=3707\" \/>\n<meta property=\"og:locale\" content=\"fr_FR\" \/>\n<meta property=\"og:type\" content=\"article\" \/>\n<meta property=\"og:title\" content=\"Mentions Legales | Bruno Berthet photographies\" \/>\n<meta property=\"og:description\" content=\"Editeur du site :&nbsp;Bruno BERTHET SIRET : 82286033400017 4, All\u00e9e des M\u00e9l\u00e8zes 74600 ANNECYTel : +33 (0) 6 60 97 81 73Email : bruno.berthet@gmail.com site web: https:\/\/www.brunoberthet.com CONCEPTION ET PRODUCTIONContinue readingMentions Legales\" \/>\n<meta property=\"og:url\" content=\"https:\/\/brunoberthet.com\/?page_id=3707\" \/>\n<meta property=\"og:site_name\" content=\"Bruno Berthet photographies\" \/>\n<meta property=\"article:modified_time\" content=\"2020-11-14T19:27:31+00:00\" \/>\n<meta name=\"twitter:card\" content=\"summary_large_image\" \/>\n<meta name=\"twitter:label1\" content=\"Dur\u00e9e de lecture estim\u00e9e\" \/>\n\t<meta name=\"twitter:data1\" content=\"3 minutes\" \/>\n<script type=\"application\/ld+json\" class=\"yoast-schema-graph\">{\"@context\":\"https:\/\/schema.org\",\"@graph\":[{\"@type\":\"WebPage\",\"@id\":\"https:\/\/brunoberthet.com\/?page_id=3707\",\"url\":\"https:\/\/brunoberthet.com\/?page_id=3707\",\"name\":\"Mentions Legales | Bruno Berthet photographies\",\"isPartOf\":{\"@id\":\"https:\/\/brunoberthet.com\/#website\"},\"datePublished\":\"2020-11-14T17:16:21+00:00\",\"dateModified\":\"2020-11-14T19:27:31+00:00\",\"breadcrumb\":{\"@id\":\"https:\/\/brunoberthet.com\/?page_id=3707#breadcrumb\"},\"inLanguage\":\"fr-FR\",\"potentialAction\":[{\"@type\":\"ReadAction\",\"target\":[\"https:\/\/brunoberthet.com\/?page_id=3707\"]}]},{\"@type\":\"BreadcrumbList\",\"@id\":\"https:\/\/brunoberthet.com\/?page_id=3707#breadcrumb\",\"itemListElement\":[{\"@type\":\"ListItem\",\"position\":1,\"name\":\"Home\",\"item\":\"https:\/\/brunoberthet.com\/\"},{\"@type\":\"ListItem\",\"position\":2,\"name\":\"Mentions Legales\"}]},{\"@type\":\"WebSite\",\"@id\":\"https:\/\/brunoberthet.com\/#website\",\"url\":\"https:\/\/brunoberthet.com\/\",\"name\":\"Bruno Berthet photographies\",\"description\":\"Annecy Haute-Savoie\",\"publisher\":{\"@id\":\"https:\/\/brunoberthet.com\/#\/schema\/person\/2ebec7f24f84dccded022531890f1692\"},\"potentialAction\":[{\"@type\":\"SearchAction\",\"target\":{\"@type\":\"EntryPoint\",\"urlTemplate\":\"https:\/\/brunoberthet.com\/?s={search_term_string}\"},\"query-input\":\"required name=search_term_string\"}],\"inLanguage\":\"fr-FR\"},{\"@type\":[\"Person\",\"Organization\"],\"@id\":\"https:\/\/brunoberthet.com\/#\/schema\/person\/2ebec7f24f84dccded022531890f1692\",\"name\":\"bruno berthet\",\"image\":{\"@type\":\"ImageObject\",\"inLanguage\":\"fr-FR\",\"@id\":\"https:\/\/brunoberthet.com\/#\/schema\/person\/image\/\",\"url\":\"https:\/\/secure.gravatar.com\/avatar\/7b9a32cc9ef2d79d6406fcef770728a9?s=96&d=mm&r=g\",\"contentUrl\":\"https:\/\/secure.gravatar.com\/avatar\/7b9a32cc9ef2d79d6406fcef770728a9?s=96&d=mm&r=g\",\"caption\":\"bruno berthet\"},\"logo\":{\"@id\":\"https:\/\/brunoberthet.com\/#\/schema\/person\/image\/\"},\"sameAs\":[\"https:\/\/www.instagram.com\/bruno.berthet\/\"]}]}<\/script>\n<!-- \/ Yoast SEO plugin. -->","yoast_head_json":{"title":"Mentions Legales | Bruno Berthet photographies","robots":{"index":"index","follow":"follow","max-snippet":"max-snippet:-1","max-image-preview":"max-image-preview:large","max-video-preview":"max-video-preview:-1"},"canonical":"https:\/\/brunoberthet.com\/?page_id=3707","og_locale":"fr_FR","og_type":"article","og_title":"Mentions Legales | Bruno Berthet photographies","og_description":"Editeur du site :&nbsp;Bruno BERTHET SIRET : 82286033400017 4, All\u00e9e des M\u00e9l\u00e8zes 74600 ANNECYTel : +33 (0) 6 60 97 81 73Email : bruno.berthet@gmail.com site web: https:\/\/www.brunoberthet.com CONCEPTION ET PRODUCTIONContinue readingMentions Legales","og_url":"https:\/\/brunoberthet.com\/?page_id=3707","og_site_name":"Bruno Berthet photographies","article_modified_time":"2020-11-14T19:27:31+00:00","twitter_card":"summary_large_image","twitter_misc":{"Dur\u00e9e de lecture estim\u00e9e":"3 minutes"},"schema":{"@context":"https:\/\/schema.org","@graph":[{"@type":"WebPage","@id":"https:\/\/brunoberthet.com\/?page_id=3707","url":"https:\/\/brunoberthet.com\/?page_id=3707","name":"Mentions Legales | Bruno Berthet photographies","isPartOf":{"@id":"https:\/\/brunoberthet.com\/#website"},"datePublished":"2020-11-14T17:16:21+00:00","dateModified":"2020-11-14T19:27:31+00:00","breadcrumb":{"@id":"https:\/\/brunoberthet.com\/?page_id=3707#breadcrumb"},"inLanguage":"fr-FR","potentialAction":[{"@type":"ReadAction","target":["https:\/\/brunoberthet.com\/?page_id=3707"]}]},{"@type":"BreadcrumbList","@id":"https:\/\/brunoberthet.com\/?page_id=3707#breadcrumb","itemListElement":[{"@type":"ListItem","position":1,"name":"Home","item":"https:\/\/brunoberthet.com\/"},{"@type":"ListItem","position":2,"name":"Mentions Legales"}]},{"@type":"WebSite","@id":"https:\/\/brunoberthet.com\/#website","url":"https:\/\/brunoberthet.com\/","name":"Bruno Berthet photographies","description":"Annecy Haute-Savoie","publisher":{"@id":"https:\/\/brunoberthet.com\/#\/schema\/person\/2ebec7f24f84dccded022531890f1692"},"potentialAction":[{"@type":"SearchAction","target":{"@type":"EntryPoint","urlTemplate":"https:\/\/brunoberthet.com\/?s={search_term_string}"},"query-input":"required name=search_term_string"}],"inLanguage":"fr-FR"},{"@type":["Person","Organization"],"@id":"https:\/\/brunoberthet.com\/#\/schema\/person\/2ebec7f24f84dccded022531890f1692","name":"bruno berthet","image":{"@type":"ImageObject","inLanguage":"fr-FR","@id":"https:\/\/brunoberthet.com\/#\/schema\/person\/image\/","url":"https:\/\/secure.gravatar.com\/avatar\/7b9a32cc9ef2d79d6406fcef770728a9?s=96&d=mm&r=g","contentUrl":"https:\/\/secure.gravatar.com\/avatar\/7b9a32cc9ef2d79d6406fcef770728a9?s=96&d=mm&r=g","caption":"bruno berthet"},"logo":{"@id":"https:\/\/brunoberthet.com\/#\/schema\/person\/image\/"},"sameAs":["https:\/\/www.instagram.com\/bruno.berthet\/"]}]}},"rttpg_featured_image_url":null,"rttpg_author":{"display_name":"bruno berthet","author_link":"https:\/\/brunoberthet.com\/?author=1"},"rttpg_comment":0,"rttpg_category":null,"rttpg_excerpt":"Editeur du site :&nbsp;Bruno BERTHET SIRET : 82286033400017 4, All\u00e9e des M\u00e9l\u00e8zes 74600 ANNECYTel : +33 (0) 6 60 97 81 73Email : bruno.berthet@gmail.com site web: https:\/\/www.brunoberthet.com CONCEPTION ET PRODUCTIONContinue readingMentions Legales","_links":{"self":[{"href":"https:\/\/brunoberthet.com\/index.php?rest_route=\/wp\/v2\/pages\/3707"}],"collection":[{"href":"https:\/\/brunoberthet.com\/index.php?rest_route=\/wp\/v2\/pages"}],"about":[{"href":"https:\/\/brunoberthet.com\/index.php?rest_route=\/wp\/v2\/types\/page"}],"author":[{"embeddable":true,"href":"https:\/\/brunoberthet.com\/index.php?rest_route=\/wp\/v2\/users\/1"}],"replies":[{"embeddable":true,"href":"https:\/\/brunoberthet.com\/index.php?rest_route=%2Fwp%2Fv2%2Fcomments&post=3707"}],"version-history":[{"count":6,"href":"https:\/\/brunoberthet.com\/index.php?rest_route=\/wp\/v2\/pages\/3707\/revisions"}],"predecessor-version":[{"id":3714,"href":"https:\/\/brunoberthet.com\/index.php?rest_route=\/wp\/v2\/pages\/3707\/revisions\/3714"}],"wp:attachment":[{"href":"https:\/\/brunoberthet.com\/index.php?rest_route=%2Fwp%2Fv2%2Fmedia&parent=3707"}],"curies":[{"name":"wp","href":"https:\/\/api.w.org\/{rel}","templated":true}]}}