{"id":4277,"date":"2020-11-16T21:43:32","date_gmt":"2020-11-16T20:43:32","guid":{"rendered":"https:\/\/brunoberthet.com\/?post_type=product&#038;p=4277"},"modified":"2020-11-18T12:16:22","modified_gmt":"2020-11-18T11:16:22","slug":"bb17-leopard-afrique-du-sud","status":"publish","type":"product","link":"https:\/\/brunoberthet.com\/?product=bb17-leopard-afrique-du-sud","title":{"rendered":"BB17 L\u00e9opard (Afrique du Sud)"},"content":{"rendered":"<h3><strong>Tirage seul:<\/strong><\/h3>\n<p>Impression sur papier <strong>Hahnem\u00fchle photo Luster 260g<\/strong> , qui est un papier semi-brillant en poly\u00e9thyl\u00e8ne pour un fini lustr\u00e9.\u00a0 Il s\u00e9duit par son <strong>brillant discret et d\u00e9licat<\/strong>. Impression possible avec ou sans marge blanche (en option).<\/p>\n<hr \/>\n<h3><strong>Tirage encadr\u00e9:<\/strong><\/h3>\n<p>papier <strong>Hahnem\u00fchle photo Luster 260g<\/strong>\u00a0 avec un\u00a0 <strong>cadre sous verre NIELSEN &#8211; Profil 25 Noir anodis\u00e9 <\/strong>qui offre une mise en valeur sobre et \u00e9pur\u00e9e de votre tirage photo. Son profil en pente est parfait pour souligner subtilement toutes vos photographies. Impression avec un bord blanc tournant de 5cms.<\/p>\n<p><img decoding=\"async\" loading=\"lazy\" class=\"alignnone wp-image-3479\" src=\"https:\/\/brunoberthet.com\/wp-content\/uploads\/2020\/11\/profil25-300x226.jpg\" alt=\"\" width=\"240\" height=\"181\" \/><\/p>\n<p>La marge par d\u00e9faut est de 50mm, le cadre est de 32mm de large. Vous pouvez modifier la valeur de la marge en me contactant par Email moins de 24 h. apr\u00e8s le r\u00e8glement de votre commande.<\/p>\n<hr \/>\n<h3>Alu Dibond:<\/h3>\n<p>C&rsquo;est un support tr\u00e8s qualitatif, d&rsquo;une \u00e9paisseur de 6 mm, il est \u00e0 la fois l\u00e9ger et rigide pour un aspect l\u00e9g\u00e8rement satin\u00e9.<br \/>\nL&rsquo;impression sur Alu Dibond en Haute D\u00e9finition vous offrira un rendu d&rsquo;une tr\u00e8s grande qualit\u00e9. La densit\u00e9 des couleurs et les contrastes sont tr\u00e8s proches d\u2019un tirage sur papier mat.<br \/>\nLa surface des tableaux en Alu Dibond est lisse et compl\u00e8tement plane. Aucune asp\u00e9rit\u00e9 n\u2019est pr\u00e9sente, ce qui augmente l\u2019aspect satin\u00e9 des photos.<\/p>\n","protected":false},"excerpt":{"rendered":"<p>Le l\u00e9opard (Afrique du Sud) &hellip; Continue readingBB17 L\u00e9opard (Afrique du Sud)<\/p>\n","protected":false},"featured_media":4291,"template":"","meta":[],"product_cat":[158,120],"product_tag":[124,131],"yoast_head":"<!-- This site is optimized with the Yoast SEO plugin v20.1 - https:\/\/yoast.com\/wordpress\/plugins\/seo\/ -->\n<title>BB17 L\u00e9opard (Afrique du Sud) | Bruno Berthet photographies<\/title>\n<meta name=\"robots\" content=\"index, follow, max-snippet:-1, max-image-preview:large, max-video-preview:-1\" \/>\n<link rel=\"canonical\" href=\"https:\/\/brunoberthet.com\/?product=bb17-leopard-afrique-du-sud\" \/>\n<meta property=\"og:locale\" content=\"fr_FR\" \/>\n<meta property=\"og:type\" content=\"article\" \/>\n<meta property=\"og:title\" content=\"BB17 L\u00e9opard (Afrique du Sud) | Bruno Berthet photographies\" \/>\n<meta property=\"og:description\" content=\"Le l\u00e9opard (Afrique du Sud) &hellip; Continue readingBB17 L\u00e9opard (Afrique du Sud)\" \/>\n<meta property=\"og:url\" content=\"https:\/\/brunoberthet.com\/?product=bb17-leopard-afrique-du-sud\" \/>\n<meta property=\"og:site_name\" content=\"Bruno Berthet photographies\" \/>\n<meta property=\"article:modified_time\" content=\"2020-11-18T11:16:22+00:00\" \/>\n<meta property=\"og:image\" content=\"https:\/\/brunoberthet.com\/wp-content\/uploads\/2020\/11\/bb17-1000.jpg\" \/>\n\t<meta property=\"og:image:width\" content=\"1000\" \/>\n\t<meta property=\"og:image:height\" content=\"668\" \/>\n\t<meta property=\"og:image:type\" content=\"image\/jpeg\" \/>\n<meta name=\"twitter:card\" content=\"summary_large_image\" \/>\n<meta name=\"twitter:label1\" content=\"Dur\u00e9e de lecture estim\u00e9e\" \/>\n\t<meta name=\"twitter:data1\" content=\"1 minute\" \/>\n<script type=\"application\/ld+json\" class=\"yoast-schema-graph\">{\"@context\":\"https:\/\/schema.org\",\"@graph\":[{\"@type\":\"WebPage\",\"@id\":\"https:\/\/brunoberthet.com\/?product=bb17-leopard-afrique-du-sud\",\"url\":\"https:\/\/brunoberthet.com\/?product=bb17-leopard-afrique-du-sud\",\"name\":\"BB17 L\u00e9opard (Afrique du Sud) | Bruno Berthet photographies\",\"isPartOf\":{\"@id\":\"https:\/\/brunoberthet.com\/#website\"},\"datePublished\":\"2020-11-16T20:43:32+00:00\",\"dateModified\":\"2020-11-18T11:16:22+00:00\",\"breadcrumb\":{\"@id\":\"https:\/\/brunoberthet.com\/?product=bb17-leopard-afrique-du-sud#breadcrumb\"},\"inLanguage\":\"fr-FR\",\"potentialAction\":[{\"@type\":\"ReadAction\",\"target\":[\"https:\/\/brunoberthet.com\/?product=bb17-leopard-afrique-du-sud\"]}]},{\"@type\":\"BreadcrumbList\",\"@id\":\"https:\/\/brunoberthet.com\/?product=bb17-leopard-afrique-du-sud#breadcrumb\",\"itemListElement\":[{\"@type\":\"ListItem\",\"position\":1,\"name\":\"Home\",\"item\":\"https:\/\/brunoberthet.com\/\"},{\"@type\":\"ListItem\",\"position\":2,\"name\":\"Boutique\",\"item\":\"https:\/\/brunoberthet.com\/?page_id=3022\"},{\"@type\":\"ListItem\",\"position\":3,\"name\":\"BB17 L\u00e9opard (Afrique du Sud)\"}]},{\"@type\":\"WebSite\",\"@id\":\"https:\/\/brunoberthet.com\/#website\",\"url\":\"https:\/\/brunoberthet.com\/\",\"name\":\"Bruno Berthet photographies\",\"description\":\"Annecy Haute-Savoie\",\"publisher\":{\"@id\":\"https:\/\/brunoberthet.com\/#\/schema\/person\/2ebec7f24f84dccded022531890f1692\"},\"potentialAction\":[{\"@type\":\"SearchAction\",\"target\":{\"@type\":\"EntryPoint\",\"urlTemplate\":\"https:\/\/brunoberthet.com\/?s={search_term_string}\"},\"query-input\":\"required name=search_term_string\"}],\"inLanguage\":\"fr-FR\"},{\"@type\":[\"Person\",\"Organization\"],\"@id\":\"https:\/\/brunoberthet.com\/#\/schema\/person\/2ebec7f24f84dccded022531890f1692\",\"name\":\"bruno berthet\",\"image\":{\"@type\":\"ImageObject\",\"inLanguage\":\"fr-FR\",\"@id\":\"https:\/\/brunoberthet.com\/#\/schema\/person\/image\/\",\"url\":\"https:\/\/secure.gravatar.com\/avatar\/7b9a32cc9ef2d79d6406fcef770728a9?s=96&d=mm&r=g\",\"contentUrl\":\"https:\/\/secure.gravatar.com\/avatar\/7b9a32cc9ef2d79d6406fcef770728a9?s=96&d=mm&r=g\",\"caption\":\"bruno berthet\"},\"logo\":{\"@id\":\"https:\/\/brunoberthet.com\/#\/schema\/person\/image\/\"},\"sameAs\":[\"https:\/\/www.instagram.com\/bruno.berthet\/\"]}]}<\/script>\n<!-- \/ Yoast SEO plugin. -->","yoast_head_json":{"title":"BB17 L\u00e9opard (Afrique du Sud) | Bruno Berthet photographies","robots":{"index":"index","follow":"follow","max-snippet":"max-snippet:-1","max-image-preview":"max-image-preview:large","max-video-preview":"max-video-preview:-1"},"canonical":"https:\/\/brunoberthet.com\/?product=bb17-leopard-afrique-du-sud","og_locale":"fr_FR","og_type":"article","og_title":"BB17 L\u00e9opard (Afrique du Sud) | Bruno Berthet photographies","og_description":"Le l\u00e9opard (Afrique du Sud) &hellip; Continue readingBB17 L\u00e9opard (Afrique du Sud)","og_url":"https:\/\/brunoberthet.com\/?product=bb17-leopard-afrique-du-sud","og_site_name":"Bruno Berthet photographies","article_modified_time":"2020-11-18T11:16:22+00:00","og_image":[{"width":1000,"height":668,"url":"https:\/\/brunoberthet.com\/wp-content\/uploads\/2020\/11\/bb17-1000.jpg","type":"image\/jpeg"}],"twitter_card":"summary_large_image","twitter_misc":{"Dur\u00e9e de lecture estim\u00e9e":"1 minute"},"schema":{"@context":"https:\/\/schema.org","@graph":[{"@type":"WebPage","@id":"https:\/\/brunoberthet.com\/?product=bb17-leopard-afrique-du-sud","url":"https:\/\/brunoberthet.com\/?product=bb17-leopard-afrique-du-sud","name":"BB17 L\u00e9opard (Afrique du Sud) | Bruno Berthet photographies","isPartOf":{"@id":"https:\/\/brunoberthet.com\/#website"},"datePublished":"2020-11-16T20:43:32+00:00","dateModified":"2020-11-18T11:16:22+00:00","breadcrumb":{"@id":"https:\/\/brunoberthet.com\/?product=bb17-leopard-afrique-du-sud#breadcrumb"},"inLanguage":"fr-FR","potentialAction":[{"@type":"ReadAction","target":["https:\/\/brunoberthet.com\/?product=bb17-leopard-afrique-du-sud"]}]},{"@type":"BreadcrumbList","@id":"https:\/\/brunoberthet.com\/?product=bb17-leopard-afrique-du-sud#breadcrumb","itemListElement":[{"@type":"ListItem","position":1,"name":"Home","item":"https:\/\/brunoberthet.com\/"},{"@type":"ListItem","position":2,"name":"Boutique","item":"https:\/\/brunoberthet.com\/?page_id=3022"},{"@type":"ListItem","position":3,"name":"BB17 L\u00e9opard (Afrique du Sud)"}]},{"@type":"WebSite","@id":"https:\/\/brunoberthet.com\/#website","url":"https:\/\/brunoberthet.com\/","name":"Bruno Berthet photographies","description":"Annecy Haute-Savoie","publisher":{"@id":"https:\/\/brunoberthet.com\/#\/schema\/person\/2ebec7f24f84dccded022531890f1692"},"potentialAction":[{"@type":"SearchAction","target":{"@type":"EntryPoint","urlTemplate":"https:\/\/brunoberthet.com\/?s={search_term_string}"},"query-input":"required name=search_term_string"}],"inLanguage":"fr-FR"},{"@type":["Person","Organization"],"@id":"https:\/\/brunoberthet.com\/#\/schema\/person\/2ebec7f24f84dccded022531890f1692","name":"bruno berthet","image":{"@type":"ImageObject","inLanguage":"fr-FR","@id":"https:\/\/brunoberthet.com\/#\/schema\/person\/image\/","url":"https:\/\/secure.gravatar.com\/avatar\/7b9a32cc9ef2d79d6406fcef770728a9?s=96&d=mm&r=g","contentUrl":"https:\/\/secure.gravatar.com\/avatar\/7b9a32cc9ef2d79d6406fcef770728a9?s=96&d=mm&r=g","caption":"bruno berthet"},"logo":{"@id":"https:\/\/brunoberthet.com\/#\/schema\/person\/image\/"},"sameAs":["https:\/\/www.instagram.com\/bruno.berthet\/"]}]}},"_links":{"self":[{"href":"https:\/\/brunoberthet.com\/index.php?rest_route=\/wp\/v2\/product\/4277"}],"collection":[{"href":"https:\/\/brunoberthet.com\/index.php?rest_route=\/wp\/v2\/product"}],"about":[{"href":"https:\/\/brunoberthet.com\/index.php?rest_route=\/wp\/v2\/types\/product"}],"wp:featuredmedia":[{"embeddable":true,"href":"https:\/\/brunoberthet.com\/index.php?rest_route=\/wp\/v2\/media\/4291"}],"wp:attachment":[{"href":"https:\/\/brunoberthet.com\/index.php?rest_route=%2Fwp%2Fv2%2Fmedia&parent=4277"}],"wp:term":[{"taxonomy":"product_cat","embeddable":true,"href":"https:\/\/brunoberthet.com\/index.php?rest_route=%2Fwp%2Fv2%2Fproduct_cat&post=4277"},{"taxonomy":"product_tag","embeddable":true,"href":"https:\/\/brunoberthet.com\/index.php?rest_route=%2Fwp%2Fv2%2Fproduct_tag&post=4277"}],"curies":[{"name":"wp","href":"https:\/\/api.w.org\/{rel}","templated":true}]}}